{"id":175,"date":"2023-01-04T13:30:48","date_gmt":"2023-01-04T13:30:48","guid":{"rendered":"https:\/\/xn--spannendesfrkinder-w6b.de\/?page_id=175"},"modified":"2026-02-24T08:08:18","modified_gmt":"2026-02-24T08:08:18","slug":"impressum","status":"publish","type":"page","link":"https:\/\/spannendesf\u00fcrkinder.de\/?page_id=175","title":{"rendered":"Impressum"},"content":{"rendered":"<div class=\"textLayer\"><span style=\"font-family: georgia, palatino, serif;\"><strong><span dir=\"ltr\" role=\"presentation\"><span style=\"vertical-align: inherit;\"><span style=\"vertical-align: inherit;\">Angaben gem\u00e4\u00df \u00a7 5 TMG<\/span><\/span><\/span><\/strong><\/span><\/div>\n<div class=\"textLayer\"><span dir=\"ltr\" style=\"font-family: georgia, palatino, serif;\" role=\"presentation\"><span style=\"vertical-align: inherit;\"><span style=\"vertical-align: inherit;\">Alina Harte <\/span><\/span><\/span><br role=\"presentation\" \/><span dir=\"ltr\" style=\"font-family: georgia, palatino, serif;\" role=\"presentation\"><span style=\"vertical-align: inherit;\"><span style=\"vertical-align: inherit;\">Siriusweg 22<\/span><\/span><\/span><br role=\"presentation\" \/><span dir=\"ltr\" style=\"font-family: georgia, palatino, serif;\" role=\"presentation\"><span style=\"vertical-align: inherit;\"><span style=\"vertical-align: inherit;\">33332 G\u00fctersloh<\/span><\/span><\/span><\/div>\n<div class=\"textLayer\"><br role=\"presentation\" \/><span style=\"font-family: georgia, palatino, serif;\"><strong><span dir=\"ltr\" role=\"presentation\"><span style=\"vertical-align: inherit;\"><span style=\"vertical-align: inherit;\">Kontakt<\/span><\/span><\/span><\/strong><\/span><br role=\"presentation\" \/><span dir=\"ltr\" style=\"font-family: georgia, palatino, serif;\" role=\"presentation\"><span style=\"vertical-align: inherit;\"><span style=\"vertical-align: inherit;\"> Telefon: 017656785808 (keine telefonische Beratung)<\/span><\/span><\/span><br role=\"presentation\" \/><span dir=\"ltr\" style=\"font-family: georgia, palatino, serif;\" role=\"presentation\"><span style=\"vertical-align: inherit;\"><span style=\"vertical-align: inherit;\">E-Mail: spannendesfuerkinder@gmail.com<\/span><\/span><\/span><\/div>\n<div class=\"textLayer\"><br role=\"presentation\" \/><span style=\"font-family: georgia, palatino, serif;\"><strong><span dir=\"ltr\" role=\"presentation\"><span style=\"vertical-align: inherit;\"><span style=\"vertical-align: inherit;\">Redaktionell verantwortlich<\/span><\/span><\/span><\/strong><\/span><br role=\"presentation\" \/><span dir=\"ltr\" style=\"font-family: georgia, palatino, serif;\" role=\"presentation\"><span style=\"vertical-align: inherit;\"><span style=\"vertical-align: inherit;\"> Alina Harte<\/span><\/span><\/span><\/div>\n<div class=\"textLayer\"><br role=\"presentation\" \/><span style=\"font-size: 14pt; font-family: georgia, palatino, serif;\"><strong><span dir=\"ltr\" role=\"presentation\"><span style=\"vertical-align: inherit;\"><span style=\"vertical-align: inherit;\">Quellenangaben f\u00fcr die verwendeten Bilder und Grafiken:<\/span><\/span><\/span><\/strong><\/span><br role=\"presentation\" \/><span dir=\"ltr\" style=\"font-family: georgia, palatino, serif;\" role=\"presentation\"><span style=\"vertical-align: inherit;\"><span style=\"vertical-align: inherit;\"> Amazon.de Partnerprogramm<\/span><\/span><\/span><\/div>\n<div class=\"textLayer\"><span dir=\"ltr\" style=\"font-family: georgia, palatino, serif;\" role=\"presentation\"><span style=\"vertical-align: inherit;\"><span style=\"vertical-align: inherit;\">e-recht24.de<\/span><\/span><\/span><\/div>\n<div><\/div>\n<div><span style=\"font-size: 18pt; font-family: georgia, palatino, serif;\"><strong><span style=\"vertical-align: inherit;\"><span style=\"vertical-align: inherit;\">HAFTUNGSAUSSCHLUSS (HAFTUNGSAUSSCHLUSS)<\/span><\/span><\/strong><\/span><\/div>\n<div><\/div>\n<div><span style=\"font-family: georgia, palatino, serif;\"><strong><span style=\"vertical-align: inherit;\"><span style=\"vertical-align: inherit;\">Streitschlichtung<\/span><\/span><\/strong><\/span><\/div>\n<div>\n<p><span style=\"font-family: georgia, palatino, serif;\"><span style=\"vertical-align: inherit;\"><span style=\"vertical-align: inherit;\">Alina Harte ist nicht bereit oder verpflichtet, ein Streitbeilegungsverfahren vor einer Verbraucher-Schlichtungsstelle zu starten.<\/span><\/span><\/span><\/p>\n<h3><span style=\"font-size: 12pt; font-family: georgia, palatino, serif;\"><span style=\"vertical-align: inherit;\"><span style=\"vertical-align: inherit;\">Haftung f\u00fcr Inhalte:<\/span><\/span><\/span><\/h3>\n<p><span style=\"font-family: georgia, palatino, serif;\"><span style=\"vertical-align: inherit;\"><span style=\"vertical-align: inherit;\">Als Dienstanbieter sind wir gem\u00e4\u00df \u00a7 7 Abs.1 TMG f\u00fcr eigene Inhalte auf diesen Seiten nach den allgemeinen Gesetzen verantwortlich. <\/span><span style=\"vertical-align: inherit;\">Nach \u00a7\u00a7 8 bis 10 TMG sind wir als Dienstanbieter nicht verpflichtet, \u00fcbermittelte oder gespeicherte fremde Informationen zu \u00fcberwachen oder nach Umst\u00e4nden zu forschen, die jedoch auf eine rechtswidrige T\u00e4tigkeit hinweisen.<\/span><\/span><\/span><\/p>\n<p><span style=\"font-family: georgia, palatino, serif;\"><span style=\"vertical-align: inherit;\"><span style=\"vertical-align: inherit;\">Verpflichtungen zur Entfernung oder Sperrung der Nutzung von Informationen nach den allgemeinen Gesetzen bleiben hiervon unber\u00fchrt. <\/span><span style=\"vertical-align: inherit;\">Eine diesbez\u00fcgliche Haftung ist jedoch erst ab dem Zeitpunkt der Kenntnis einer konkreten Rechtsverletzung m\u00f6glich. <\/span><span style=\"vertical-align: inherit;\">Bei Bekanntwerden von entsprechenden Rechtsverletzungen werden wir diese Inhalte umgehend entfernen.<\/span><\/span><\/span><\/p>\n<p><span style=\"font-family: georgia, palatino, serif;\"><strong><span style=\"vertical-align: inherit;\"><span style=\"vertical-align: inherit;\">Haftung f\u00fcr Links:<\/span><\/span><\/strong><\/span><br \/>\n<span style=\"font-family: georgia, palatino, serif;\"><span style=\"vertical-align: inherit;\"><span style=\"vertical-align: inherit;\"> Mein Angebot enth\u00e4lt Links zu externen Webseiten Dritter, auf deren Inhalte ich keinen Einfluss habe. <\/span><span style=\"vertical-align: inherit;\">Deshalb kann ich f\u00fcr diese fremden Inhalte auch keine Gew\u00e4hr \u00fcbernehmen. <\/span><span style=\"vertical-align: inherit;\">F\u00fcr die Inhalte der verlinkten Seiten ist stets der jeweilige Anbieter oder Betreiber der Seiten verantwortlich. <\/span><span style=\"vertical-align: inherit;\">Die verlinkten Seiten wurden zum Zeitpunkt der Verlinkung auf m\u00f6gliche Rechtsverst\u00f6\u00dfe \u00fcberpr\u00fcft. <\/span><span style=\"vertical-align: inherit;\">Rechtswidrige Inhalte waren zum Zeitpunkt der Verlinkung nicht erkennbar. <\/span><span style=\"vertical-align: inherit;\">Eine permanente konkrete Kontrolle der verlinkten Seiten ist jedoch ohne konkrete Anhaltspunkte einer Rechtsverletzung nicht zumutbar. <\/span><span style=\"vertical-align: inherit;\">Bei Bekanntwerden von Rechtsverletzungen werde ich derartige Links umgehend entfernen.<\/span><\/span><\/span><\/p>\n<\/div>\n<h3><span style=\"font-family: georgia, palatino, serif;\"><span style=\"vertical-align: inherit;\"><span style=\"vertical-align: inherit;\">Urheberrecht<\/span><\/span><\/span><\/h3>\n<p><span style=\"font-family: georgia, palatino, serif;\"><span style=\"vertical-align: inherit;\"><span style=\"vertical-align: inherit;\">Die durch die Seitenbetreiber erstellten Inhalte und Werke auf diesen Seiten unterliegen dem deutschen Urheberrecht. <\/span><span style=\"vertical-align: inherit;\">Die Vervielf\u00e4ltigung, Bearbeitung, Verbreitung und jede Art der Verwertung au\u00dferhalb der Grenzen des Urheberrechtes bed\u00fcrfen der schriftlichen Zustimmung des jeweiligen Autors bzw. <\/span><span style=\"vertical-align: inherit;\">Ersteller. <\/span><span style=\"vertical-align: inherit;\">Downloads und Kopien dieser Seite sind nur f\u00fcr den privaten, nicht gewerblichen Gebrauch gestattet. <\/span><span style=\"vertical-align: inherit;\">Soweit die Inhalte auf dieser Seite nicht vom Betreiber erstellt wurden, werden die Urheberrechte Dritter beachtet. <\/span><span style=\"vertical-align: inherit;\">Insbesondere werden Inhalte Dritter als solche gekennzeichnet. <\/span><span style=\"vertical-align: inherit;\">Sollten Sie trotzdem auf eine Urheberrechtsverletzung aufmerksam werden, bitten wir um einen entsprechenden Hinweis. <\/span><span style=\"vertical-align: inherit;\">Bei Bekanntwerden von Rechtsverletzungen werden wir derartige Inhalte umgehend entfernen.<\/span><\/span><\/span><\/p>\n","protected":false},"excerpt":{"rendered":"<p>Angaben gem\u00e4\u00df \u00a7 5 TMG Alina Harte Siriusweg 2233332 G\u00fctersloh Kontakt Telefon: 017656785808 (keine telefonische Beratung)E-Mail: spannendesfuerkinder@gmail.com Redaktionell verantwortlich Alina Harte Quellenangaben f\u00fcr die verwendeten Bilder und Grafiken: Amazon.de Partnerprogramm e-recht24.de HAFTUNGSAUSSCHLUSS (HAFTUNGSAUSSCHLUSS) Streitschlichtung Alina Harte ist nicht bereit oder verpflichtet, ein Streitbeilegungsverfahren vor einer Verbraucher-Schlichtungsstelle zu starten. Haftung f\u00fcr Inhalte: Als Dienstanbieter sind wir [&hellip;]<\/p>\n","protected":false},"author":1,"featured_media":0,"parent":0,"menu_order":0,"comment_status":"closed","ping_status":"closed","template":"","meta":{"footnotes":""},"class_list":["post-175","page","type-page","status-publish","hentry"],"yoast_head":"<!-- This site is optimized with the Yoast SEO plugin v19.13 - https:\/\/yoast.com\/wordpress\/plugins\/seo\/ -->\n<title>Impressum<\/title>\n<meta name=\"description\" content=\"Impressum\" \/>\n<meta name=\"robots\" content=\"index, follow, max-snippet:-1, max-image-preview:large, max-video-preview:-1\" \/>\n<link rel=\"canonical\" href=\"https:\/\/spannendesf\u00fcrkinder.de\/?page_id=175\" \/>\n<meta property=\"og:locale\" content=\"de_DE\" \/>\n<meta property=\"og:type\" content=\"article\" \/>\n<meta property=\"og:title\" content=\"Impressum\" \/>\n<meta property=\"og:description\" content=\"Impressum\" \/>\n<meta property=\"og:url\" content=\"https:\/\/spannendesf\u00fcrkinder.de\/?page_id=175\" \/>\n<meta property=\"og:site_name\" content=\"spannendesf\u00fcrkinder.de\" \/>\n<meta property=\"article:modified_time\" content=\"2026-02-24T08:08:18+00:00\" \/>\n<meta name=\"twitter:card\" content=\"summary_large_image\" \/>\n<meta name=\"twitter:label1\" content=\"Gesch\u00e4tzte Lesezeit\" \/>\n\t<meta name=\"twitter:data1\" content=\"2\u00a0Minuten\" \/>\n<script type=\"application\/ld+json\" class=\"yoast-schema-graph\">{\"@context\":\"https:\/\/schema.org\",\"@graph\":[{\"@type\":\"WebPage\",\"@id\":\"https:\/\/spannendesf\u00fcrkinder.de\/?page_id=175\",\"url\":\"https:\/\/spannendesf\u00fcrkinder.de\/?page_id=175\",\"name\":\"Impressum\",\"isPartOf\":{\"@id\":\"https:\/\/spannendesf\u00fcrkinder.de\/#website\"},\"datePublished\":\"2023-01-04T13:30:48+00:00\",\"dateModified\":\"2026-02-24T08:08:18+00:00\",\"description\":\"Impressum\",\"breadcrumb\":{\"@id\":\"https:\/\/spannendesf\u00fcrkinder.de\/?page_id=175#breadcrumb\"},\"inLanguage\":\"de\",\"potentialAction\":[{\"@type\":\"ReadAction\",\"target\":[\"https:\/\/spannendesf\u00fcrkinder.de\/?page_id=175\"]}]},{\"@type\":\"BreadcrumbList\",\"@id\":\"https:\/\/spannendesf\u00fcrkinder.de\/?page_id=175#breadcrumb\",\"itemListElement\":[{\"@type\":\"ListItem\",\"position\":1,\"name\":\"Home\",\"item\":\"https:\/\/spannendesf\u00fcrkinder.de\/\"},{\"@type\":\"ListItem\",\"position\":2,\"name\":\"Impressum\"}]},{\"@type\":\"WebSite\",\"@id\":\"https:\/\/spannendesf\u00fcrkinder.de\/#website\",\"url\":\"https:\/\/spannendesf\u00fcrkinder.de\/\",\"name\":\"spannendesf\u00fcrkinder.de\",\"description\":\"\",\"publisher\":{\"@id\":\"https:\/\/spannendesf\u00fcrkinder.de\/#organization\"},\"potentialAction\":[{\"@type\":\"SearchAction\",\"target\":{\"@type\":\"EntryPoint\",\"urlTemplate\":\"https:\/\/spannendesf\u00fcrkinder.de\/?s={search_term_string}\"},\"query-input\":\"required name=search_term_string\"}],\"inLanguage\":\"de\"},{\"@type\":\"Organization\",\"@id\":\"https:\/\/spannendesf\u00fcrkinder.de\/#organization\",\"name\":\"spannendesf\u00fcrkinder.de\",\"url\":\"https:\/\/spannendesf\u00fcrkinder.de\/\",\"logo\":{\"@type\":\"ImageObject\",\"inLanguage\":\"de\",\"@id\":\"https:\/\/spannendesf\u00fcrkinder.de\/#\/schema\/logo\/image\/\",\"url\":\"https:\/\/spannendesf\u00fcrkinder.de\/wp-content\/uploads\/2022\/12\/Spannendes-fur-Kinder-5-1.png\",\"contentUrl\":\"https:\/\/spannendesf\u00fcrkinder.de\/wp-content\/uploads\/2022\/12\/Spannendes-fur-Kinder-5-1.png\",\"width\":150,\"height\":150,\"caption\":\"spannendesf\u00fcrkinder.de\"},\"image\":{\"@id\":\"https:\/\/spannendesf\u00fcrkinder.de\/#\/schema\/logo\/image\/\"}}]}<\/script>\n<!-- \/ Yoast SEO plugin. -->","yoast_head_json":{"title":"Impressum","description":"Impressum","robots":{"index":"index","follow":"follow","max-snippet":"max-snippet:-1","max-image-preview":"max-image-preview:large","max-video-preview":"max-video-preview:-1"},"canonical":"https:\/\/spannendesf\u00fcrkinder.de\/?page_id=175","og_locale":"de_DE","og_type":"article","og_title":"Impressum","og_description":"Impressum","og_url":"https:\/\/spannendesf\u00fcrkinder.de\/?page_id=175","og_site_name":"spannendesf\u00fcrkinder.de","article_modified_time":"2026-02-24T08:08:18+00:00","twitter_card":"summary_large_image","twitter_misc":{"Gesch\u00e4tzte Lesezeit":"2\u00a0Minuten"},"schema":{"@context":"https:\/\/schema.org","@graph":[{"@type":"WebPage","@id":"https:\/\/spannendesf\u00fcrkinder.de\/?page_id=175","url":"https:\/\/spannendesf\u00fcrkinder.de\/?page_id=175","name":"Impressum","isPartOf":{"@id":"https:\/\/spannendesf\u00fcrkinder.de\/#website"},"datePublished":"2023-01-04T13:30:48+00:00","dateModified":"2026-02-24T08:08:18+00:00","description":"Impressum","breadcrumb":{"@id":"https:\/\/spannendesf\u00fcrkinder.de\/?page_id=175#breadcrumb"},"inLanguage":"de","potentialAction":[{"@type":"ReadAction","target":["https:\/\/spannendesf\u00fcrkinder.de\/?page_id=175"]}]},{"@type":"BreadcrumbList","@id":"https:\/\/spannendesf\u00fcrkinder.de\/?page_id=175#breadcrumb","itemListElement":[{"@type":"ListItem","position":1,"name":"Home","item":"https:\/\/spannendesf\u00fcrkinder.de\/"},{"@type":"ListItem","position":2,"name":"Impressum"}]},{"@type":"WebSite","@id":"https:\/\/spannendesf\u00fcrkinder.de\/#website","url":"https:\/\/spannendesf\u00fcrkinder.de\/","name":"spannendesf\u00fcrkinder.de","description":"","publisher":{"@id":"https:\/\/spannendesf\u00fcrkinder.de\/#organization"},"potentialAction":[{"@type":"SearchAction","target":{"@type":"EntryPoint","urlTemplate":"https:\/\/spannendesf\u00fcrkinder.de\/?s={search_term_string}"},"query-input":"required name=search_term_string"}],"inLanguage":"de"},{"@type":"Organization","@id":"https:\/\/spannendesf\u00fcrkinder.de\/#organization","name":"spannendesf\u00fcrkinder.de","url":"https:\/\/spannendesf\u00fcrkinder.de\/","logo":{"@type":"ImageObject","inLanguage":"de","@id":"https:\/\/spannendesf\u00fcrkinder.de\/#\/schema\/logo\/image\/","url":"https:\/\/spannendesf\u00fcrkinder.de\/wp-content\/uploads\/2022\/12\/Spannendes-fur-Kinder-5-1.png","contentUrl":"https:\/\/spannendesf\u00fcrkinder.de\/wp-content\/uploads\/2022\/12\/Spannendes-fur-Kinder-5-1.png","width":150,"height":150,"caption":"spannendesf\u00fcrkinder.de"},"image":{"@id":"https:\/\/spannendesf\u00fcrkinder.de\/#\/schema\/logo\/image\/"}}]}},"_links":{"self":[{"href":"https:\/\/spannendesf\u00fcrkinder.de\/index.php?rest_route=\/wp\/v2\/pages\/175","targetHints":{"allow":["GET"]}}],"collection":[{"href":"https:\/\/spannendesf\u00fcrkinder.de\/index.php?rest_route=\/wp\/v2\/pages"}],"about":[{"href":"https:\/\/spannendesf\u00fcrkinder.de\/index.php?rest_route=\/wp\/v2\/types\/page"}],"author":[{"embeddable":true,"href":"https:\/\/spannendesf\u00fcrkinder.de\/index.php?rest_route=\/wp\/v2\/users\/1"}],"replies":[{"embeddable":true,"href":"https:\/\/spannendesf\u00fcrkinder.de\/index.php?rest_route=%2Fwp%2Fv2%2Fcomments&post=175"}],"version-history":[{"count":5,"href":"https:\/\/spannendesf\u00fcrkinder.de\/index.php?rest_route=\/wp\/v2\/pages\/175\/revisions"}],"predecessor-version":[{"id":536,"href":"https:\/\/spannendesf\u00fcrkinder.de\/index.php?rest_route=\/wp\/v2\/pages\/175\/revisions\/536"}],"wp:attachment":[{"href":"https:\/\/spannendesf\u00fcrkinder.de\/index.php?rest_route=%2Fwp%2Fv2%2Fmedia&parent=175"}],"curies":[{"name":"wp","href":"https:\/\/api.w.org\/{rel}","templated":true}]}}